{"id":1874,"date":"2024-09-03T14:53:26","date_gmt":"2024-09-03T11:53:26","guid":{"rendered":"https:\/\/www.birsesti.ro\/wordpress\/?page_id=1874"},"modified":"2025-02-12T13:36:04","modified_gmt":"2025-02-12T11:36:04","slug":"hotarari-ca","status":"publish","type":"page","link":"https:\/\/www.birsesti.ro\/wordpress\/?page_id=1874","title":{"rendered":"Hotar\u00e2ri CA"},"content":{"rendered":"<p>Hotar\u00e2ri ale Consiliului de Administra\u021bie al Liceul Tehnologic B\u00e2rse\u0219ti<\/p>\n<ul>\n<li style=\"list-style-type: none;\">\n<ul>\n<li style=\"list-style-type: none;\">\n<ul>\n<li><a href=\"https:\/\/www.birsesti.ro\/wordpress\/?attachment_id=1976\" rel=\"attachment wp-att-1976\">Hot\u0103r\u00e2rea CA nr.1 din 3.09.2024<\/a><\/li>\n<li><a href=\"https:\/\/www.birsesti.ro\/wordpress\/?attachment_id=1976\" rel=\"attachment wp-att-1976\">Hot\u0103r\u00e2rea CA nr.2 din 10.09.2024<\/a><\/li>\n<li><a href=\"https:\/\/www.birsesti.ro\/wordpress\/?attachment_id=1976\" rel=\"attachment wp-att-1976\">Hot\u0103r\u00e2rea CA nr.3 din 11.09.2024<\/a><\/li>\n<li><a href=\"https:\/\/www.birsesti.ro\/wordpress\/?attachment_id=1976\" rel=\"attachment wp-att-1976\">Hot\u0103r\u00e2rea CA nr.4 din 17.09.2024<\/a><\/li>\n<li><a href=\"https:\/\/www.birsesti.ro\/wordpress\/?attachment_id=1976\" rel=\"attachment wp-att-1976\">Hot\u0103r\u00e2rea CA nr.5 din 20.09.2024<\/a><\/li>\n<li><a href=\"https:\/\/www.birsesti.ro\/wordpress\/?attachment_id=1976\" rel=\"attachment wp-att-1976\">Hot\u0103r\u00e2rea CA nr.6 din 26.09.2024<\/a><\/li>\n<li><a href=\"https:\/\/www.birsesti.ro\/wordpress\/?attachment_id=1976\" rel=\"attachment wp-att-1976\">Hot\u0103r\u00e2rea CA nr.7 din 30.09.2024<\/a><\/li>\n<li><a href=\"https:\/\/www.birsesti.ro\/wordpress\/?attachment_id=1976\" rel=\"attachment wp-att-1976\">Hot\u0103r\u00e2rea CA nr.8 din 21.10.2024<\/a><\/li>\n<li><a href=\"https:\/\/www.birsesti.ro\/wordpress\/?attachment_id=1976\" rel=\"attachment wp-att-1976\">Hot\u0103r\u00e2rea CA nr.9 din 23.10.2024<\/a><\/li>\n<li><a href=\"https:\/\/www.birsesti.ro\/wordpress\/?attachment_id=1976\" rel=\"attachment wp-att-1976\">Hot\u0103r\u00e2rea CA nr.10 din 4.11.2024<\/a><\/li>\n<li><a href=\"https:\/\/www.birsesti.ro\/wordpress\/?attachment_id=1976\" rel=\"attachment wp-att-1976\">Hot\u0103r\u00e2rea CA nr.11 din 8.11.2024<\/a><\/li>\n<li><a href=\"https:\/\/www.birsesti.ro\/wordpress\/?attachment_id=1976\" rel=\"attachment wp-att-1976\">Hot\u0103r\u00e2rea CA nr.12 din 27.11.2024<\/a><\/li>\n<li><a href=\"https:\/\/www.birsesti.ro\/wordpress\/?attachment_id=1976\" rel=\"attachment wp-att-1976\">Hot\u0103r\u00e2rea CA nr.13 din 9.11.2024<\/a><\/li>\n<li><a href=\"https:\/\/www.birsesti.ro\/wordpress\/?attachment_id=1976\" rel=\"attachment wp-att-1976\">Hot\u0103r\u00e2rea CA nr.14 din 18.12.2024<\/a><\/li>\n<li><a href=\"https:\/\/www.birsesti.ro\/wordpress\/?attachment_id=1976\" rel=\"attachment wp-att-1976\">Hot\u0103r\u00e2rea CA nr.15 din 8.01.2025<\/a><\/li>\n<li><a href=\"https:\/\/www.birsesti.ro\/wordpress\/?attachment_id=1976\" rel=\"attachment wp-att-1976\">Hot\u0103r\u00e2rea CA nr.16 din 13.01.2025<\/a><\/li>\n<li><a href=\"https:\/\/www.birsesti.ro\/wordpress\/?attachment_id=1976\" rel=\"attachment wp-att-1976\">Hot\u0103r\u00e2rea CA nr.17 din 22.01.2025<\/a><\/li>\n<li><a href=\"https:\/\/www.birsesti.ro\/wordpress\/?attachment_id=1976\" rel=\"attachment wp-att-1976\">Hot\u0103r\u00e2rea CA nr.18 din 27.01.2025<\/a><\/li>\n<li><a href=\"https:\/\/www.birsesti.ro\/wordpress\/?attachment_id=1976\" rel=\"attachment wp-att-1976\">Hot\u0103r\u00e2rea CA nr.19 din 4.02.2025<\/a><\/li>\n<\/ul>\n<\/li>\n<\/ul>\n<\/li>\n<\/ul>\n","protected":false},"excerpt":{"rendered":"<p>Hotar\u00e2ri ale Consiliului de Administra\u021bie al Liceul Tehnologic B\u00e2rse\u0219ti Hot\u0103r\u00e2rea CA nr.1 din 3.09.2024 Hot\u0103r\u00e2rea CA nr.2 din 10.09.2024 Hot\u0103r\u00e2rea CA nr.3 din 11.09.2024 Hot\u0103r\u00e2rea CA nr.4 din 17.09.2024 Hot\u0103r\u00e2rea CA nr.5 din 20.09.2024 Hot\u0103r\u00e2rea CA nr.6 din 26.09.2024 Hot\u0103r\u00e2rea &hellip; <a href=\"https:\/\/www.birsesti.ro\/wordpress\/?page_id=1874\">Continu\u0103 s\u0103 cite\u0219ti <span class=\"meta-nav\">&rarr;<\/span><\/a><\/p>\n","protected":false},"author":2,"featured_media":0,"parent":0,"menu_order":0,"comment_status":"closed","ping_status":"closed","template":"","meta":[],"_links":{"self":[{"href":"https:\/\/www.birsesti.ro\/wordpress\/index.php?rest_route=\/wp\/v2\/pages\/1874"}],"collection":[{"href":"https:\/\/www.birsesti.ro\/wordpress\/index.php?rest_route=\/wp\/v2\/pages"}],"about":[{"href":"https:\/\/www.birsesti.ro\/wordpress\/index.php?rest_route=\/wp\/v2\/types\/page"}],"author":[{"embeddable":true,"href":"https:\/\/www.birsesti.ro\/wordpress\/index.php?rest_route=\/wp\/v2\/users\/2"}],"replies":[{"embeddable":true,"href":"https:\/\/www.birsesti.ro\/wordpress\/index.php?rest_route=%2Fwp%2Fv2%2Fcomments&post=1874"}],"version-history":[{"count":3,"href":"https:\/\/www.birsesti.ro\/wordpress\/index.php?rest_route=\/wp\/v2\/pages\/1874\/revisions"}],"predecessor-version":[{"id":1977,"href":"https:\/\/www.birsesti.ro\/wordpress\/index.php?rest_route=\/wp\/v2\/pages\/1874\/revisions\/1977"}],"wp:attachment":[{"href":"https:\/\/www.birsesti.ro\/wordpress\/index.php?rest_route=%2Fwp%2Fv2%2Fmedia&parent=1874"}],"curies":[{"name":"wp","href":"https:\/\/api.w.org\/{rel}","templated":true}]}}