{"id":20,"date":"2022-09-01T11:58:29","date_gmt":"2022-09-01T08:58:29","guid":{"rendered":"http:\/\/86.122.192.88\/?page_id=20"},"modified":"2025-02-12T14:03:38","modified_gmt":"2025-02-12T12:03:38","slug":"baza-materiala","status":"publish","type":"page","link":"https:\/\/www.birsesti.ro\/wordpress\/?page_id=20","title":{"rendered":"Baza materiala"},"content":{"rendered":"<p style=\"text-align: center;\">La nivelul \u0219colii spa\u021biile destinate procesului de \u00eenv\u0103\u021b\u0103m\u00e2nt sunt \u00een num\u0103r de 48\u00a0 din care:<\/p>\n<p>&#8211; <strong>S\u0103li de clas\u0103 \/grup\u0103 -13<\/strong><\/p>\n<p><strong>&#8211; Cabinete &#8211; 5\u00a0<\/strong><\/p>\n<p><strong>&#8211; Laboratoare de informatica &#8211; 2<\/strong><\/p>\n<p><strong>&#8211; Sala festivit\u0103\u021bi &#8211; 1<\/strong><\/p>\n<p><strong>&#8211;\u00a0 Sala CEAC &#8211; 1<\/strong><\/p>\n<p>&#8211; <strong>Sal\u0103 \u00a0\u00a0de sport<\/strong><strong> -1<\/strong><\/p>\n<p>&#8211; <strong>teren de educa\u0163ie fizic\u0103 \u015fi sport -1<\/strong><\/p>\n<p><strong>&#8211; Centru multifunc\u021bional -1<\/strong><\/p>\n<p>&#8211;\u00a0\u00a0 1 atelier mecanic <b>(\u0218coala dispune prin Planul de \u00eenv\u0103\u021b\u0103m\u00e2nt de oportunitatea ob\u021binerii permisului de conducere, categoriile B si Tr).<\/b><\/p>\n<p>&#8211;\u00a0\u00a0 alte spa\u021bii -15<\/p>\n<p>&#8211; 1 Bibliotec\u0103 dotat\u0103 cu\u00a0 20838 volume\u00a0 cu 664 utilizatori activi<\/p>\n<p>&#8211; \u0218coala dispune de un Centru de documentare \u0219i informare (CDI) , dotat la standarde europene.<\/p>\n<p><strong>SPA\u0162IILE ADMINISTRATIVE &#8211; 6<\/strong><\/p>\n<p>&#8211; Grupul \u0218colar B\u00e2rse\u0219ti beneficiaz\u0103 de implementarea unui proiect de realizare a unui campus \u0219colar, av\u00e2nd drept componente: cantin\u0103, sal\u0103 de festivit\u0103\u021bi, internat, sal\u0103 de sport \u0219i zece noi s\u0103li de clase;<\/p>\n<p>&#8211; 1 teren sport<\/p>\n<p>&#8211;\u00a0 \u0219coala dispune de:<\/p>\n<p>&#8211;\u00a0 un parc dendrologic \u00een suprafa\u021b\u0103 de 1,66 ha\u00a0 cu arborii \u0219i specii ornamentale<\/p>\n<p>&#8211; o linie telefonic\u0103 \/ fax si de acces la internet prin fibr\u0103 optic\u0103.<\/p>\n<p>&#8211;\u00a0 un cabinet de consiliere psiho-pedagogic\u0103;<\/p>\n<p>&#8211; \u00een unitatea noastr\u0103\u00a0 se editeaz\u0103 o\u00a0 revist\u0103 \u0219colar\u0103 -,, Verde crud,;<\/p>\n<p>&#8211; \u00a0\u0218coala ofer\u0103 posibilitatea caz\u0103rii elevilor la internat\u00a0 \u0219i servirea mesei;<\/p>\n<p>&#8211; \u00a0Starea fizic\u0103 a spa\u0163iilor \u015fcolare \u015fi \u00eencadrarea \u00een normele de igien\u0103 sunt corespunz\u0103toare;<\/p>\n<p>&#8211; \u00a0Mobilierul \u0219colar este modern, adaptat particularit\u0103\u021bilor de v\u00e2rst\u0103 ale elevilor;<\/p>\n","protected":false},"excerpt":{"rendered":"<p>La nivelul \u0219colii spa\u021biile destinate procesului de \u00eenv\u0103\u021b\u0103m\u00e2nt sunt \u00een num\u0103r de 48\u00a0 din care: &#8211; S\u0103li de clas\u0103 \/grup\u0103 -13 &#8211; Cabinete &#8211; 5\u00a0 &#8211; Laboratoare de informatica &#8211; 2 &#8211; Sala festivit\u0103\u021bi &#8211; 1 &#8211;\u00a0 Sala CEAC &#8211; &hellip; <a href=\"https:\/\/www.birsesti.ro\/wordpress\/?page_id=20\">Continu\u0103 s\u0103 cite\u0219ti <span class=\"meta-nav\">&rarr;<\/span><\/a><\/p>\n","protected":false},"author":1,"featured_media":0,"parent":0,"menu_order":0,"comment_status":"closed","ping_status":"closed","template":"","meta":[],"_links":{"self":[{"href":"https:\/\/www.birsesti.ro\/wordpress\/index.php?rest_route=\/wp\/v2\/pages\/20"}],"collection":[{"href":"https:\/\/www.birsesti.ro\/wordpress\/index.php?rest_route=\/wp\/v2\/pages"}],"about":[{"href":"https:\/\/www.birsesti.ro\/wordpress\/index.php?rest_route=\/wp\/v2\/types\/page"}],"author":[{"embeddable":true,"href":"https:\/\/www.birsesti.ro\/wordpress\/index.php?rest_route=\/wp\/v2\/users\/1"}],"replies":[{"embeddable":true,"href":"https:\/\/www.birsesti.ro\/wordpress\/index.php?rest_route=%2Fwp%2Fv2%2Fcomments&post=20"}],"version-history":[{"count":7,"href":"https:\/\/www.birsesti.ro\/wordpress\/index.php?rest_route=\/wp\/v2\/pages\/20\/revisions"}],"predecessor-version":[{"id":1989,"href":"https:\/\/www.birsesti.ro\/wordpress\/index.php?rest_route=\/wp\/v2\/pages\/20\/revisions\/1989"}],"wp:attachment":[{"href":"https:\/\/www.birsesti.ro\/wordpress\/index.php?rest_route=%2Fwp%2Fv2%2Fmedia&parent=20"}],"curies":[{"name":"wp","href":"https:\/\/api.w.org\/{rel}","templated":true}]}}