{"id":210,"date":"2014-09-11T12:05:39","date_gmt":"2014-09-11T09:05:39","guid":{"rendered":"http:\/\/86.122.192.88\/?page_id=210"},"modified":"2014-11-18T15:33:37","modified_gmt":"2014-11-18T13:33:37","slug":"localizarea-geografica","status":"publish","type":"page","link":"https:\/\/www.birsesti.ro\/wordpress\/?page_id=210","title":{"rendered":"Localizarea geografic\u0103"},"content":{"rendered":"<p><iframe loading=\"lazy\" src=\"https:\/\/maps.google.com\/maps?ie=UTF8&amp;ll=45.051445,23.233123&amp;spn=0.001154,0.001725&amp;t=m&amp;z=19&amp;layer=c&amp;cbll=45.051532,23.23314&amp;panoid=ZZa_-rBBKNc05Y2ATmDieQ&amp;cbp=12,118.8,,0,-0.87&amp;source=embed&amp;output=svembed\" height=\"450\" width=\"525\" frameborder=\"0\" marginwidth=\"0\" marginheight=\"0\" scrolling=\"no\"><\/iframe><br \/>\n<small><a style=\"color: #0000ff; text-align: left;\" href=\"https:\/\/maps.google.com\/maps?ie=UTF8&amp;ll=45.051445,23.233123&amp;spn=0.001154,0.001725&amp;t=m&amp;z=19&amp;layer=c&amp;cbll=45.051532,23.23314&amp;panoid=ZZa_-rBBKNc05Y2ATmDieQ&amp;cbp=12,118.8,,0,-0.87&amp;source=embed\">Vizualizare hart\u0103 m\u0103rit\u0103<\/a><\/small><\/p>\n","protected":false},"excerpt":{"rendered":"<p>Vizualizare hart\u0103 m\u0103rit\u0103<\/p>\n","protected":false},"author":1,"featured_media":0,"parent":0,"menu_order":0,"comment_status":"closed","ping_status":"closed","template":"","meta":[],"_links":{"self":[{"href":"https:\/\/www.birsesti.ro\/wordpress\/index.php?rest_route=\/wp\/v2\/pages\/210"}],"collection":[{"href":"https:\/\/www.birsesti.ro\/wordpress\/index.php?rest_route=\/wp\/v2\/pages"}],"about":[{"href":"https:\/\/www.birsesti.ro\/wordpress\/index.php?rest_route=\/wp\/v2\/types\/page"}],"author":[{"embeddable":true,"href":"https:\/\/www.birsesti.ro\/wordpress\/index.php?rest_route=\/wp\/v2\/users\/1"}],"replies":[{"embeddable":true,"href":"https:\/\/www.birsesti.ro\/wordpress\/index.php?rest_route=%2Fwp%2Fv2%2Fcomments&post=210"}],"version-history":[{"count":12,"href":"https:\/\/www.birsesti.ro\/wordpress\/index.php?rest_route=\/wp\/v2\/pages\/210\/revisions"}],"predecessor-version":[{"id":258,"href":"https:\/\/www.birsesti.ro\/wordpress\/index.php?rest_route=\/wp\/v2\/pages\/210\/revisions\/258"}],"wp:attachment":[{"href":"https:\/\/www.birsesti.ro\/wordpress\/index.php?rest_route=%2Fwp%2Fv2%2Fmedia&parent=210"}],"curies":[{"name":"wp","href":"https:\/\/api.w.org\/{rel}","templated":true}]}}