{"id":22,"date":"2022-09-01T11:59:17","date_gmt":"2022-09-01T08:59:17","guid":{"rendered":"http:\/\/86.122.192.88\/?page_id=22"},"modified":"2023-05-21T21:03:26","modified_gmt":"2023-05-21T18:03:26","slug":"istoric-liceu","status":"publish","type":"page","link":"https:\/\/www.birsesti.ro\/wordpress\/?page_id=22","title":{"rendered":"Istoric liceu"},"content":{"rendered":"<p style=\"text-align: left;\" align=\"center\">\u00a0Grup \u0218colar B\u00e2rse\u0219ti, este situat la periferia Municipiului Tg-Jiu, la 3 Km de re\u0219edin\u021ba jude\u021bului Gorj .<\/p>\n<p>Istoricul acestei \u0219coli \u00ee\u0219i\u00a0 g\u0103se\u0219te originea \u00eencep\u00e2nd cu anul 1947, c\u00e2nd la nivelul localit\u0103\u021bii B\u00e2rse\u0219ti, func\u021biona\u00a0 \u0218coala practic\u0103 de Horticultur\u0103\u00a0 cu un num\u0103r redus de clase \u0219i elevi.<\/p>\n<p>\u00cen anul 1966 s-a \u00eenfiin\u021bat, \u00een localitatea\u00a0 B\u00e2rse\u0219ti , Liceul Agricol &#8211; cu specialitatea horticultur\u0103 .<\/p>\n<p>La nivelul jude\u021bului Gorj\u00a0 exista \u00een acea perioad\u0103\u00a0 \u0219i la Tg-C\u0103rbune\u0219ti un Liceu\u00a0 cu profil agricol, dar prin desfiin\u021barea acestuia, num\u0103rul specializ\u0103rilor existente la\u00a0 nivelul liceului nostru a crescut considerabil, astfel c\u0103 pe l\u00e2ng\u0103 specializ\u0103rile existente, de horticultur\u0103, protec\u021bia plantelor \u0219i contabilitate a ap\u0103rut \u0219i cea de veterinar .<\/p>\n<p>\u00cen prezent, la nivelul Liceului Tehnologic B\u00e2rse\u0219ti se preg\u0103tesc\u00a0 elevi \u0219i adul\u021bi \u00een diferite specializ\u0103ri: tehnician analize produse alimentare, tehnician \u00een activit\u0103\u021bi economice, tehnician agromontan, tehnician ecolog \u0219i protec\u021bia calit\u0103\u021bii mediului , tehnician veterinar, iar la \u00eenv\u0103\u021b\u0103m\u00e2ntul profesional: mecanic auto si v\u00e2nz\u0103tor-comerciant<\/p>\n<p>Filiera liceului este at\u00e2t Tehnologic\u0103 cu profil Resurse Naturale \u0219i Servicii\u00a0 cu specializ\u0103rile: tehnician analize produse alimentare, tehnician \u00een activit\u0103\u021bi economice, tehnician agromontan, tehnician ecolog \u0219i protec\u021bia calit\u0103\u021bii mediului , tehnician veterinar,dar \u0219i Teoretic\u0103 cu profil Real, specializarea \u0218tiin\u021be ale Naturii.<\/p>\n<p><b>Unitatea noastr\u0103 este singura unitate \u0219colar\u0103\u00a0 la nivelul Jude\u021bului Gorj care asigur\u0103\u00a0 preg\u0103tirea \u00een aceste specializ\u0103ri,\u00a0 <\/b>astfel c\u0103 la nivelul liceului exist\u0103 \u00een prezent, 7 clase \u00eenv\u0103\u021b\u0103m\u00e2nt de zi (liceal \u0219i profesional),\u00a0 8 clase la \u00eenv\u0103\u021b\u0103m\u00e2ntul seral\u00a0 \u0219i 8 de clase la \u00eenv\u0103\u021b\u0103m\u00e2ntul\u00a0 cu frecven\u021b\u0103 redus\u0103, 2 clase \u00eenv\u0103\u021b\u0103m\u00e2nt postliceal<\/p>\n<p>Pe termen lung Liceul Tehnologic B\u00e2rse\u0219ti \u00ee\u015fi propune adaptarea ofertei de \u015fcolarizare la necesit\u0103\u0163ile sociale \u015fi profesionale impuse de aderarea la U.E., de permanentele transform\u0103ri socio-economice.<\/p>\n","protected":false},"excerpt":{"rendered":"<p>\u00a0Grup \u0218colar B\u00e2rse\u0219ti, este situat la periferia Municipiului Tg-Jiu, la 3 Km de re\u0219edin\u021ba jude\u021bului Gorj . Istoricul acestei \u0219coli \u00ee\u0219i\u00a0 g\u0103se\u0219te originea \u00eencep\u00e2nd cu anul 1947, c\u00e2nd la nivelul localit\u0103\u021bii B\u00e2rse\u0219ti, func\u021biona\u00a0 \u0218coala practic\u0103 de Horticultur\u0103\u00a0 cu un num\u0103r &hellip; <a href=\"https:\/\/www.birsesti.ro\/wordpress\/?page_id=22\">Continu\u0103 s\u0103 cite\u0219ti <span class=\"meta-nav\">&rarr;<\/span><\/a><\/p>\n","protected":false},"author":1,"featured_media":0,"parent":0,"menu_order":0,"comment_status":"closed","ping_status":"closed","template":"","meta":[],"_links":{"self":[{"href":"https:\/\/www.birsesti.ro\/wordpress\/index.php?rest_route=\/wp\/v2\/pages\/22"}],"collection":[{"href":"https:\/\/www.birsesti.ro\/wordpress\/index.php?rest_route=\/wp\/v2\/pages"}],"about":[{"href":"https:\/\/www.birsesti.ro\/wordpress\/index.php?rest_route=\/wp\/v2\/types\/page"}],"author":[{"embeddable":true,"href":"https:\/\/www.birsesti.ro\/wordpress\/index.php?rest_route=\/wp\/v2\/users\/1"}],"replies":[{"embeddable":true,"href":"https:\/\/www.birsesti.ro\/wordpress\/index.php?rest_route=%2Fwp%2Fv2%2Fcomments&post=22"}],"version-history":[{"count":5,"href":"https:\/\/www.birsesti.ro\/wordpress\/index.php?rest_route=\/wp\/v2\/pages\/22\/revisions"}],"predecessor-version":[{"id":1727,"href":"https:\/\/www.birsesti.ro\/wordpress\/index.php?rest_route=\/wp\/v2\/pages\/22\/revisions\/1727"}],"wp:attachment":[{"href":"https:\/\/www.birsesti.ro\/wordpress\/index.php?rest_route=%2Fwp%2Fv2%2Fmedia&parent=22"}],"curies":[{"name":"wp","href":"https:\/\/api.w.org\/{rel}","templated":true}]}}