{"id":5,"date":"2022-10-01T11:42:46","date_gmt":"2022-10-01T08:42:46","guid":{"rendered":"http:\/\/86.122.192.88\/?page_id=5"},"modified":"2025-02-12T14:02:22","modified_gmt":"2025-02-12T12:02:22","slug":"liceul-tehnologic-birsesti","status":"publish","type":"page","link":"https:\/\/www.birsesti.ro\/wordpress\/?page_id=5","title":{"rendered":"Personal didactic"},"content":{"rendered":"<h2><em><strong><span style=\"color: #000000;\">Cadre didactice \u00a02024-2025<\/span><\/strong><\/em><\/h2>\n<p><strong>Director prof. DABELEA MARIA<\/strong><\/p>\n<p><strong>Director adj. prof. SCHEAU DANIELA<\/strong><\/p>\n<p>Aria curriculara Limba si Comunicare<\/p>\n<h4>1. COSTIULEANU\u00a0 \u00a0 ALINA &#8211; LRO<\/h4>\n<p>2 . DAIA CLAUDIA-LRO<\/p>\n<h4>3. CARAGUI\u00a0 RAMONA-LAVINIA &#8211; LEN<\/h4>\n<p>4. ANINOIU MIRELA-LFR<\/p>\n<p>5. B\u0102L\u0102\u0218IN ALINA-LFR<\/p>\n<p>6. POPESCU ION<\/p>\n<h4><span style=\"font-size: 16px;\">Aria curriculara Matematica si Stiinte ale Naturii<\/span><\/h4>\n<h4>7. MAZURENCU CARMEN- matematica<\/h4>\n<h4><span style=\"color: #000000;\">8. POSD\u0102RESCU ELENA &#8211; matematic\u0103<\/span><\/h4>\n<p>9. DIJM\u0102RESCU SIMONA -chimie<\/p>\n<h5><span style=\"color: #000000; font-size: 1.2em; line-height: 1.5em;\">10. FR\u00ceNTU DANIELA -chimie<\/span><\/h5>\n<p>11. U\u0218URELU LUMINI\u021aA &#8211; fizic\u0103<\/p>\n<p>12. GRIGORE GRAZIELA -fizic\u0103<\/p>\n<h4>13. STAN\u00a0 GABRIELA &#8211; biologie<\/h4>\n<h4>Aria curriculara Om si Societate<\/h4>\n<p>14. SCHEAU DANIELA &#8211; socio-umane<\/p>\n<h4>15. COJOCARU \u00a0 CATALIN-CONSTANTIN &#8211; istorie<\/h4>\n<h4>16. CIOCIOMAN MIHAELA LARISA- geografie<\/h4>\n<h4>17. VITAN LIANA MARIELA- socio-umane<\/h4>\n<h4>18. \u0218\u0102R\u0102M\u0102\u021a ISABELA- socio-umane<\/h4>\n<h4>19. D\u0102N\u0102\u0218EL IULIAN &#8211; religie<\/h4>\n<p>Aria curriculara Tehnologii<\/p>\n<h4>20. DABELEA \u00a0 \u00a0 MARIA &#8211; tehnologii<\/h4>\n<h4>21. \u00a0MANASESCU \u00a0 \u00a0CLAUDIA-MAGDALENA &#8211; tehnologii<\/h4>\n<h4>22. CHIRCU VIOLETA &#8211; tehnologii<\/h4>\n<h4>23. COBIANU MARCEL &#8211; informatic\u0103<\/h4>\n<h4>24. CIORTAN \u00a0 \u00a0GHIORGHITA &#8211; tehnologii<\/h4>\n<h4>25. FIRIZA \u00a0 \u00a0CARMEN-LILIANA &#8211; tehnologii<\/h4>\n<h4>26. DIACONU \u00a0 \u00a0CATALIN &#8211; economic<\/h4>\n<p>27. B\u00ceZOC ARTEMISA-economic<\/p>\n<p>28. B\u00ceCOI LOREDANA-NATALIA -economic<\/p>\n<h4>29. MATEI\u00a0 \u00a0 \u00a0 GEANINA &#8211; RODICA &#8211; tehnologii<\/h4>\n<p>30. T\u0102N\u0102SOIU LAURA-tehnologii<\/p>\n<h4>31. \u0218ERBAN VASILICA- Tehnologii<\/h4>\n<p>32. \u0218ERBAN RADU- Tehnologii<\/p>\n<p>33.POPESCU ROMAN-Tehnologii<\/p>\n<p>34. M\u0102ROIU ANI\u0218OARA- tehnologii<\/p>\n<p>35. IONESCU MARIANA-tehnologii<\/p>\n<p>36. TEOTEOI ADRIANA-tehnologii<\/p>\n<p>37. BOGDAN CONSTANTIN &#8211; tehnologii<\/p>\n<p>38. PANE IONEL<\/p>\n<p>39. PANE MELANIA<\/p>\n<p>40. TOADER FILIPINA<\/p>\n<p>41. COVACIU NICOLAE<\/p>\n<p>Educa\u021bie fizic\u0103 \u0219i sport<\/p>\n<p>42.IONESCU ADRIAN<\/p>\n<p>43. PURCEL DUMITRU<\/p>\n<p>&nbsp;<\/p>\n<p>&nbsp;<\/p>\n","protected":false},"excerpt":{"rendered":"<p>Cadre didactice \u00a02024-2025 Director prof. DABELEA MARIA Director adj. prof. SCHEAU DANIELA Aria curriculara Limba si Comunicare 1. COSTIULEANU\u00a0 \u00a0 ALINA &#8211; LRO 2 . DAIA CLAUDIA-LRO 3. CARAGUI\u00a0 RAMONA-LAVINIA &#8211; LEN 4. ANINOIU MIRELA-LFR 5. B\u0102L\u0102\u0218IN ALINA-LFR 6. POPESCU &hellip; <a href=\"https:\/\/www.birsesti.ro\/wordpress\/?page_id=5\">Continu\u0103 s\u0103 cite\u0219ti <span class=\"meta-nav\">&rarr;<\/span><\/a><\/p>\n","protected":false},"author":1,"featured_media":0,"parent":0,"menu_order":0,"comment_status":"closed","ping_status":"closed","template":"","meta":[],"_links":{"self":[{"href":"https:\/\/www.birsesti.ro\/wordpress\/index.php?rest_route=\/wp\/v2\/pages\/5"}],"collection":[{"href":"https:\/\/www.birsesti.ro\/wordpress\/index.php?rest_route=\/wp\/v2\/pages"}],"about":[{"href":"https:\/\/www.birsesti.ro\/wordpress\/index.php?rest_route=\/wp\/v2\/types\/page"}],"author":[{"embeddable":true,"href":"https:\/\/www.birsesti.ro\/wordpress\/index.php?rest_route=\/wp\/v2\/users\/1"}],"replies":[{"embeddable":true,"href":"https:\/\/www.birsesti.ro\/wordpress\/index.php?rest_route=%2Fwp%2Fv2%2Fcomments&post=5"}],"version-history":[{"count":24,"href":"https:\/\/www.birsesti.ro\/wordpress\/index.php?rest_route=\/wp\/v2\/pages\/5\/revisions"}],"predecessor-version":[{"id":16,"href":"https:\/\/www.birsesti.ro\/wordpress\/index.php?rest_route=\/wp\/v2\/pages\/5\/revisions\/16"}],"wp:attachment":[{"href":"https:\/\/www.birsesti.ro\/wordpress\/index.php?rest_route=%2Fwp%2Fv2%2Fmedia&parent=5"}],"curies":[{"name":"wp","href":"https:\/\/api.w.org\/{rel}","templated":true}]}}